{"id":2799,"date":"2025-05-22T12:43:45","date_gmt":"2025-05-22T12:43:45","guid":{"rendered":"https:\/\/vilanovajunglefitnessclub.com\/?page_id=2799"},"modified":"2025-06-17T06:48:33","modified_gmt":"2025-06-17T06:48:33","slug":"avis-legal","status":"publish","type":"page","link":"https:\/\/vilanovajunglefitnessclub.com\/ca\/aviso-legal\/","title":{"rendered":"Av\u00eds legal"},"content":{"rendered":"<div data-elementor-type=\"wp-page\" data-elementor-id=\"2799\" class=\"elementor elementor-2799\" data-elementor-post-type=\"page\">\n\t\t\t\t<div class=\"elementor-element elementor-element-0a94c0f e-flex e-con-boxed e-con e-parent\" data-id=\"0a94c0f\" data-element_type=\"container\" data-e-type=\"container\">\n\t\t\t\t\t<div class=\"e-con-inner\">\n\t\t\t\t<div class=\"elementor-element elementor-element-e557de3 elementor-widget elementor-widget-breadcrumbs\" data-id=\"e557de3\" data-element_type=\"widget\" data-e-type=\"widget\" data-widget_type=\"breadcrumbs.default\">\n\t\t\t\t<div class=\"elementor-widget-container\">\n\t\t\t\t\t<nav aria-label=\"breadcrumbs\" class=\"rank-math-breadcrumb\"><p><span class=\"last\">Inici<\/span><\/p><\/nav>\t\t\t\t<\/div>\n\t\t\t\t<\/div>\n\t\t\t\t<div class=\"elementor-element elementor-element-1a82f73 elementor-widget elementor-widget-heading\" data-id=\"1a82f73\" data-element_type=\"widget\" data-e-type=\"widget\" data-widget_type=\"heading.default\">\n\t\t\t\t<div class=\"elementor-widget-container\">\n\t\t\t\t\t<h1 class=\"elementor-heading-title elementor-size-default\">Av\u00eds legal<\/h1>\t\t\t\t<\/div>\n\t\t\t\t<\/div>\n\t\t\t\t<div class=\"elementor-element elementor-element-495b3bc elementor-widget elementor-widget-text-editor\" data-id=\"495b3bc\" data-element_type=\"widget\" data-e-type=\"widget\" data-widget_type=\"text-editor.default\">\n\t\t\t\t<div class=\"elementor-widget-container\">\n\t\t\t\t\t\t\t\t\t<p><span style=\"text-decoration: underline;\"><b>IDENTITAT DEL TITULAR DEL LLOC WEB<\/b><\/span><\/p><p><b>Nom comercial: <\/b>VILANOVA JUNGLE<\/p><p><b>Denominaci\u00f3 social:<\/b>\u00a0BEATRIU ALLO URIZ<span style=\"font-weight: 400;\">(des d&#039;ara EL TITULAR DEL WEB)<\/span><\/p><p><b>NIF:\u00a0<\/b>73110194W<\/p><p><b>Adre\u00e7a:\u00a0<\/b>C. D&#039;ALBERT FERRER I SOLER 10<\/p><p><b>Tel\u00e8fon: <span style=\"font-weight: 400;\"><a href=\"tel:695046066\">695046066<\/a><\/span><\/b><\/p><p><b>eMail:\u00a0<\/b><a href=\"mailto:info@vilanovajunglefitnessclub.com\">info@vilanovajunglefitnessclub.com<\/a><\/p><p><span style=\"font-weight: 400;\">\u00a0<\/span><\/p><p><span style=\"text-decoration: underline;\"><b>TERMES LEGALS I CONDICIONS<\/b><\/span><\/p><p><span style=\"font-weight: 400;\">La utilitzaci\u00f3 d&#039;aquest lloc web atribueix al navegant la condici\u00f3 d&#039;usuari del lloc, cosa que implica l&#039;adhesi\u00f3 a aquestes condicions a la versi\u00f3 publicada en el moment en qu\u00e8 es permeti l&#039;entrada. Per aix\u00f2, EL TITULAR DE LA WEB recomana a l&#039;usuari llegir-les atentament cada vegada que accedeixi al lloc web. L&#039;acc\u00e9s a determinats continguts oferts a trav\u00e9s d&#039;aquest lloc web es pot trobar sotm\u00e8s a certes condicions particulars pr\u00f2pies que, segons els casos, substitueixen, completen i\/o modifiquen aquestes condicions generals. Per tant, amb anterioritat a l&#039;acc\u00e9s i\/o utilitzaci\u00f3 d&#039;aquests continguts, l&#039;usuari ha de llegir atentament tamb\u00e9 les condicions particulars corresponents. EL TITULAR DEL WEB podr\u00e0 alterar en qualsevol moment i sense previ av\u00eds, el disseny, presentaci\u00f3 i\/o configuraci\u00f3 del lloc web, aix\u00ed com alguns o tots els continguts, i modificar les condicions generals i\/o condicions particulars requerides per utilitzar-los.<\/span><\/p><p><span style=\"font-weight: 400;\">\u00a0<\/span><\/p><p><span style=\"text-decoration: underline;\"><b>RESPONSABILITAT I GARANTIA DEL TITULAR DEL WEB<\/b><\/span><\/p><p><b>ACC\u00c9S<\/b><\/p><p><span style=\"font-weight: 400;\">Amb car\u00e0cter general, els usuaris podran accedir al lloc web de forma lliure i gratu\u00efta. estant permesa la cessi\u00f3, ni tan sols temporal, a tercers.<\/span><\/p><p><span style=\"font-weight: 400;\">\u00a0<\/span><\/p><p><b>CONTINGUTS<\/b><\/p><p><span style=\"font-weight: 400;\">EL TITULAR DE LA WEB es reserva el dret a interrompre l&#039;acc\u00e9s al seu lloc web, aix\u00ed com la prestaci\u00f3 de qualsevol o de tots els Continguts que es presten a trav\u00e9s del mateix en qualsevol moment i sense previ av\u00eds, ja sigui per motius t\u00e8cnics, de seguretat, de control, de manteniment, per fallades de subministrament el\u00e8ctric o per qualsevol altra causa, els quals podran tenir car\u00e0cter temporal. la p\u00e8rdua, si s&#039;escau, de la informaci\u00f3 emmagatzemada en els diferents serveis. En conseq\u00fc\u00e8ncia, EL TITULAR DE LA WEB no garanteix la fiabilitat, la disponibilitat ni la continu\u00eftat del seu lloc web ni dels Continguts, tant els propis com els d&#039;altres llocs web als quals es pugui accedir mitjan\u00e7ant enlla\u00e7os, de manera que la utilitzaci\u00f3 dels mateixos per part de l&#039;Usuari es dugui a terme pel seu propi compte i risc, aquest sentit. EL TITULAR DE LA WEB no ser\u00e0 responsable de qualsevol tipus de perjudici, p\u00e8rdues, reclamacions o despeses de cap mena, de la informaci\u00f3 adquirida o accedida per oa trav\u00e9s del lloc web, de virus inform\u00e0tics, de fallades operatives o d&#039;interrupcions en el servei o transmissi\u00f3, o fallades en la l\u00ednia o contingut en qualsevol lloc web. general, afectin o violin drets de EL TITULAR DEL WEB o de tercers.<\/span><\/p><p><span style=\"font-weight: 400;\">\u00a0<\/span><\/p><p><span style=\"text-decoration: underline;\"><b>PROPIETAT INDUSTRIAL I INTEL\u00b7LECTUAL<\/b><\/span><\/p><p><span style=\"font-weight: 400;\">Aquesta web \u00e9s propietat de EL TITULAR DE LA WEB. Els drets de propietat intel\u00b7lectual i drets d&#039;explotaci\u00f3 i reproducci\u00f3 d&#039;aquesta web, de les seves p\u00e0gines, pantalles, la informaci\u00f3 que contenen, la seva aparen\u00e7a i disseny, aix\u00ed com els vincles que s&#039;estableixin des d&#039;ella a altres p\u00e0gines, en s\u00f3n propietat exclusiva, llevat que s&#039;especifiqui una altra cosa. Totes les denominacions, dissenys i\/o logotips que componen aquesta p\u00e0gina s\u00f3n marques degudament enregistrades. Qualsevol \u00e9s indegut per persona diferent del seu leg\u00f2tim titular podr\u00e0 ser perseguit de conformitat amb la legislaci\u00f3 vigent. Els drets de propietat intel\u00b7lectual i marques de tercers estan destacats convenientment i han de ser respectats per tothom que accedeixi a la web. Nom\u00e9s per a \u00fas personal i privat es permet descarregar els continguts, copiar o imprimir qualsevol p\u00e0gina web. Queda prohibit reproduir, transmetre, modificar o suprimir la informaci\u00f3, contingut o advertiments d&#039;aquest web sense la pr\u00e8via autoritzaci\u00f3 escrita d&#039;EL TITULAR DE LA WEB.<\/span><\/p><p><span style=\"font-weight: 400;\">\u00a0<\/span><\/p><p><span style=\"text-decoration: underline;\"><b>LEGISLACI\u00d3 APLICABLE<\/b><\/span><\/p><p><span style=\"font-weight: 400;\">Aquestes condicions generals es regeixen per la legislaci\u00f3 espanyola.<\/span><\/p><p><span style=\"font-weight: 400;\">\u00a0<\/span><\/p><p><span style=\"text-decoration: underline;\"><b>POL\u00cdTICA DE PRIVACITAT<\/b><\/span><\/p><p><span style=\"font-weight: 400;\">A l&#039;efecte del que disposa la normativa vigent relativa a la protecci\u00f3 de dades de car\u00e0cter personal, EL TITULAR DE LA WEB informa que les dades personals que ens pogu\u00e9s facilitar durant la navegaci\u00f3 pel nostre lloc web seran incorporades a un tractament de dades de responsabilitat d&#039;EL TITULAR DE LA WEB, amb l&#039;\u00fanica finalitat de poder gestionar la seva petici\u00f3. per qualsevol mitj\u00e0, incl\u00f2s el correu electr\u00f2nic i\/o mitj\u00e0 equivalent, sobre productes, serveis, ofertes i novetats que considerem d&#039;inter\u00e8s per l&#039;usuari. Finalment, us informem sobre la possibilitat d&#039;exercitar els drets d&#039;acc\u00e9s, rectificaci\u00f3, cancel\u00b7laci\u00f3 i oposici\u00f3 mitjan\u00e7ant formulari dirigit a l&#039;administrador del sistema.<\/span><\/p>\t\t\t\t\t\t\t\t<\/div>\n\t\t\t\t<\/div>\n\t\t\t\t\t<\/div>\n\t\t\t\t<\/div>\n\t\t\t\t<\/div>","protected":false},"excerpt":{"rendered":"<p>Inicio IDENTIDAD DEL TITULAR DEL SITIO WEB Nombre comercial: VILANOVA JUNGLE Denominaci\u00f3n social:\u00a0BEATRIZ ALLO URIZ(desde ahora EL TITULAR DEL WEB) NIF:\u00a073110194W Direcci\u00f3n:\u00a0C. D&#8217;ALBERT FERRER I SOLER 10 Tel\u00e9fono: 695046066 eMail:\u00a0info@vilanovajunglefitnessclub.com \u00a0 T\u00c9RMINOS LEGALES Y CONDICIONES La utilizaci\u00f3n de este sitio web atribuye al navegante la condici\u00f3n de usuario del sitio, lo que implica la adhesi\u00f3n [&hellip;]<\/p>\n","protected":false},"author":1,"featured_media":0,"parent":0,"menu_order":0,"comment_status":"closed","ping_status":"closed","template":"","meta":{"site-sidebar-layout":"no-sidebar","site-content-layout":"","ast-site-content-layout":"full-width-container","site-content-style":"default","site-sidebar-style":"default","ast-global-header-display":"","ast-banner-title-visibility":"","ast-main-header-display":"","ast-hfb-above-header-display":"","ast-hfb-below-header-display":"","ast-hfb-mobile-header-display":"","site-post-title":"disabled","ast-breadcrumbs-content":"","ast-featured-img":"disabled","footer-sml-layout":"","ast-disable-related-posts":"","theme-transparent-header-meta":"","adv-header-id-meta":"","stick-header-meta":"","header-above-stick-meta":"","header-main-stick-meta":"","header-below-stick-meta":"","astra-migrate-meta-layouts":"default","ast-page-background-enabled":"default","ast-page-background-meta":{"desktop":{"background-color":"var(--ast-global-color-4)","background-image":"","background-repeat":"repeat","background-position":"center center","background-size":"auto","background-attachment":"scroll","background-type":"","background-media":"","overlay-type":"","overlay-color":"","overlay-opacity":"","overlay-gradient":""},"tablet":{"background-color":"","background-image":"","background-repeat":"repeat","background-position":"center center","background-size":"auto","background-attachment":"scroll","background-type":"","background-media":"","overlay-type":"","overlay-color":"","overlay-opacity":"","overlay-gradient":""},"mobile":{"background-color":"","background-image":"","background-repeat":"repeat","background-position":"center center","background-size":"auto","background-attachment":"scroll","background-type":"","background-media":"","overlay-type":"","overlay-color":"","overlay-opacity":"","overlay-gradient":""}},"ast-content-background-meta":{"desktop":{"background-color":"var(--ast-global-color-5)","background-image":"","background-repeat":"repeat","background-position":"center center","background-size":"auto","background-attachment":"scroll","background-type":"","background-media":"","overlay-type":"","overlay-color":"","overlay-opacity":"","overlay-gradient":""},"tablet":{"background-color":"var(--ast-global-color-5)","background-image":"","background-repeat":"repeat","background-position":"center center","background-size":"auto","background-attachment":"scroll","background-type":"","background-media":"","overlay-type":"","overlay-color":"","overlay-opacity":"","overlay-gradient":""},"mobile":{"background-color":"var(--ast-global-color-5)","background-image":"","background-repeat":"repeat","background-position":"center center","background-size":"auto","background-attachment":"scroll","background-type":"","background-media":"","overlay-type":"","overlay-color":"","overlay-opacity":"","overlay-gradient":""}},"footnotes":""},"class_list":["post-2799","page","type-page","status-publish","hentry"],"_links":{"self":[{"href":"https:\/\/vilanovajunglefitnessclub.com\/ca\/wp-json\/wp\/v2\/pages\/2799","targetHints":{"allow":["GET"]}}],"collection":[{"href":"https:\/\/vilanovajunglefitnessclub.com\/ca\/wp-json\/wp\/v2\/pages"}],"about":[{"href":"https:\/\/vilanovajunglefitnessclub.com\/ca\/wp-json\/wp\/v2\/types\/page"}],"author":[{"embeddable":true,"href":"https:\/\/vilanovajunglefitnessclub.com\/ca\/wp-json\/wp\/v2\/users\/1"}],"replies":[{"embeddable":true,"href":"https:\/\/vilanovajunglefitnessclub.com\/ca\/wp-json\/wp\/v2\/comments?post=2799"}],"version-history":[{"count":10,"href":"https:\/\/vilanovajunglefitnessclub.com\/ca\/wp-json\/wp\/v2\/pages\/2799\/revisions"}],"predecessor-version":[{"id":3169,"href":"https:\/\/vilanovajunglefitnessclub.com\/ca\/wp-json\/wp\/v2\/pages\/2799\/revisions\/3169"}],"wp:attachment":[{"href":"https:\/\/vilanovajunglefitnessclub.com\/ca\/wp-json\/wp\/v2\/media?parent=2799"}],"curies":[{"name":"wp","href":"https:\/\/api.w.org\/{rel}","templated":true}]}}