{"id":2799,"date":"2025-05-22T12:43:45","date_gmt":"2025-05-22T12:43:45","guid":{"rendered":"https:\/\/vilanovajunglefitnessclub.com\/?page_id=2799"},"modified":"2025-06-17T06:48:33","modified_gmt":"2025-06-17T06:48:33","slug":"legal-notice","status":"publish","type":"page","link":"https:\/\/vilanovajunglefitnessclub.com\/en\/aviso-legal\/","title":{"rendered":"Legal notice"},"content":{"rendered":"<div data-elementor-type=\"wp-page\" data-elementor-id=\"2799\" class=\"elementor elementor-2799\" data-elementor-post-type=\"page\">\n\t\t\t\t<div class=\"elementor-element elementor-element-0a94c0f e-flex e-con-boxed e-con e-parent\" data-id=\"0a94c0f\" data-element_type=\"container\" data-e-type=\"container\">\n\t\t\t\t\t<div class=\"e-con-inner\">\n\t\t\t\t<div class=\"elementor-element elementor-element-e557de3 elementor-widget elementor-widget-breadcrumbs\" data-id=\"e557de3\" data-element_type=\"widget\" data-e-type=\"widget\" data-widget_type=\"breadcrumbs.default\">\n\t\t\t\t<div class=\"elementor-widget-container\">\n\t\t\t\t\t<nav aria-label=\"breadcrumbs\" class=\"rank-math-breadcrumb\"><p><span class=\"last\">Start<\/span><\/p><\/nav>\t\t\t\t<\/div>\n\t\t\t\t<\/div>\n\t\t\t\t<div class=\"elementor-element elementor-element-1a82f73 elementor-widget elementor-widget-heading\" data-id=\"1a82f73\" data-element_type=\"widget\" data-e-type=\"widget\" data-widget_type=\"heading.default\">\n\t\t\t\t<div class=\"elementor-widget-container\">\n\t\t\t\t\t<h1 class=\"elementor-heading-title elementor-size-default\">Legal notice<\/h1>\t\t\t\t<\/div>\n\t\t\t\t<\/div>\n\t\t\t\t<div class=\"elementor-element elementor-element-495b3bc elementor-widget elementor-widget-text-editor\" data-id=\"495b3bc\" data-element_type=\"widget\" data-e-type=\"widget\" data-widget_type=\"text-editor.default\">\n\t\t\t\t<div class=\"elementor-widget-container\">\n\t\t\t\t\t\t\t\t\t<p><span style=\"text-decoration: underline;\"><b>IDENTITY OF THE WEBSITE OWNER<\/b><\/span><\/p><p><b>Trade name: <\/b>VILANOVA JUNGLE<\/p><p><b>Company name:<\/b>\u00a0BEATRIZ ALLO URIZ<span style=\"font-weight: 400;\">(from now on THE OWNER OF THE WEBSITE)<\/span><\/p><p><b>NIF:\u00a0<\/b>73110194W<\/p><p><b>Address:\u00a0<\/b>C. D&#039;ALBERT FERRER I SOLER 10<\/p><p><b>Phone: <span style=\"font-weight: 400;\"><a href=\"tel:695046066\">695046066<\/a><\/span><\/b><\/p><p><b>e-mail:\u00a0<\/b><a href=\"mailto:info@vilanovajunglefitnessclub.com\">info@vilanovajunglefitnessclub.com<\/a><\/p><p><span style=\"font-weight: 400;\">\u00a0<\/span><\/p><p><span style=\"text-decoration: underline;\"><b>LEGAL TERMS AND CONDITIONS<\/b><\/span><\/p><p><span style=\"font-weight: 400;\">The use of this website confers upon the user the status of site user, which implies acceptance of these terms and conditions in the version published at the time access is permitted. Therefore, THE WEBSITE OWNER recommends that the user read these terms and conditions carefully each time they access the website. Access to certain content offered through this website may be subject to certain specific terms and conditions that, depending on the case, replace, supplement, and\/or modify these general terms and conditions. Therefore, prior to accessing and\/or using these contents, the user must also carefully read the corresponding specific terms and conditions. THE WEBSITE OWNER may alter the design, presentation, and\/or configuration of the website, as well as some or all of the content, at any time and without prior notice, and modify the general terms and\/or specific conditions required for their use.<\/span><\/p><p><span style=\"font-weight: 400;\">\u00a0<\/span><\/p><p><span style=\"text-decoration: underline;\"><b>RESPONSIBILITY AND WARRANTY OF THE WEBSITE OWNER<\/b><\/span><\/p><p><b>ACCESS<\/b><\/p><p><span style=\"font-weight: 400;\">As a general rule, users may access the website freely and free of charge. However, the website owner reserves the right, in accordance with current legislation, to restrict access to certain areas of the website. In these cases, as a prerequisite for accessing the service, the user must register by providing all requested information, up-to-date and accurate (see privacy policy). The password is personal and non-transferable; its transfer, even temporarily, to third parties is prohibited. In this regard, the user undertakes to exercise due diligence and maintain confidentiality, assuming full responsibility for the consequences of disclosing it to third parties.<\/span><\/p><p><span style=\"font-weight: 400;\">\u00a0<\/span><\/p><p><b>CONTENTS<\/b><\/p><p><span style=\"font-weight: 400;\">THE WEBSITE OWNER reserves the right to interrupt access to its website, as well as the provision of any or all of the Content provided through it, at any time and without prior notice, whether for technical, security, control, maintenance reasons, due to power outages, or for any other reason. This interruption may be temporary or permanent, in which case Users will be notified of this circumstance, and they may suffer the loss, if applicable, of the information stored in the various services. Consequently, THE WEBSITE OWNER does not guarantee the reliability, availability, or continuity of its website or its Content, both its own and that of other websites that may be accessed through links. Therefore, the use of these Contents by the User is carried out at their own risk, and the User may not be held liable in this regard at any time. THE WEBSITE OWNER shall not be liable for any damages, losses, claims, or expenses of any kind arising from information acquired or accessed by or through the website, computer viruses, operational failures, or interruptions in service or transmission, or line failures. You are prohibited from transmitting or sending through the website any illegal or illicit content, computer viruses, or messages that, in general, affect or violate the rights of THE WEBSITE OWNER or third parties.<\/span><\/p><p><span style=\"font-weight: 400;\">\u00a0<\/span><\/p><p><span style=\"text-decoration: underline;\"><b>INDUSTRIAL AND INTELLECTUAL PROPERTY<\/b><\/span><\/p><p><span style=\"font-weight: 400;\">This website is the property of THE WEBSITE OWNER. The intellectual property rights and rights of exploitation and reproduction of this website, its pages, screens, the information they contain, their appearance and design, as well as the links established from it to other pages, are the exclusive property of the same, unless otherwise specified. All names, designs, and\/or logos that comprise this page are duly registered trademarks. Any unauthorized use of these by a person other than their legitimate owner may be prosecuted in accordance with current legislation. The intellectual property rights and trademarks of third parties are appropriately highlighted and must be respected by all who access the website. Downloading the contents, copying, or printing any page of this website is permitted for personal and private use only. Reproduction, transmission, modification, or deletion of the information, content, or warnings from this website is prohibited without the prior written authorization of THE WEBSITE OWNER.<\/span><\/p><p><span style=\"font-weight: 400;\">\u00a0<\/span><\/p><p><span style=\"text-decoration: underline;\"><b>APPLICABLE LEGISLATION<\/b><\/span><\/p><p><span style=\"font-weight: 400;\">These general conditions are governed by Spanish law.<\/span><\/p><p><span style=\"font-weight: 400;\">\u00a0<\/span><\/p><p><span style=\"text-decoration: underline;\"><b>PRIVACY POLICY<\/b><\/span><\/p><p><span style=\"font-weight: 400;\">For the purposes of current regulations regarding the protection of personal data, THE WEBSITE OWNER informs you that any personal data you may provide while browsing our website will be incorporated into a data processing system under the responsibility of THE WEBSITE OWNER, for the sole purpose of processing your request. Only if the user has given their express consent will THE WEBSITE OWNER send you technical, operational, and commercial information by any means, including email and\/or equivalent means, about products, services, offers, and news that we consider to be of interest to you. THE WEBSITE OWNER undertakes to comply with its obligation to maintain the confidentiality of personal data and its duty to store it, and will adopt the necessary measures to prevent its alteration, loss, processing, or unauthorized access, taking into account at all times the state of the technology and complying with technical and organizational security measures. Finally, we inform you of the possibility of exercising your rights of access, rectification, cancellation, and objection by filling out a form addressed to the system administrator.<\/span><\/p>\t\t\t\t\t\t\t\t<\/div>\n\t\t\t\t<\/div>\n\t\t\t\t\t<\/div>\n\t\t\t\t<\/div>\n\t\t\t\t<\/div>","protected":false},"excerpt":{"rendered":"<p>Inicio IDENTIDAD DEL TITULAR DEL SITIO WEB Nombre comercial: VILANOVA JUNGLE Denominaci\u00f3n social:\u00a0BEATRIZ ALLO URIZ(desde ahora EL TITULAR DEL WEB) NIF:\u00a073110194W Direcci\u00f3n:\u00a0C. D&#8217;ALBERT FERRER I SOLER 10 Tel\u00e9fono: 695046066 eMail:\u00a0info@vilanovajunglefitnessclub.com \u00a0 T\u00c9RMINOS LEGALES Y CONDICIONES La utilizaci\u00f3n de este sitio web atribuye al navegante la condici\u00f3n de usuario del sitio, lo que implica la adhesi\u00f3n [&hellip;]<\/p>\n","protected":false},"author":1,"featured_media":0,"parent":0,"menu_order":0,"comment_status":"closed","ping_status":"closed","template":"","meta":{"site-sidebar-layout":"no-sidebar","site-content-layout":"","ast-site-content-layout":"full-width-container","site-content-style":"default","site-sidebar-style":"default","ast-global-header-display":"","ast-banner-title-visibility":"","ast-main-header-display":"","ast-hfb-above-header-display":"","ast-hfb-below-header-display":"","ast-hfb-mobile-header-display":"","site-post-title":"disabled","ast-breadcrumbs-content":"","ast-featured-img":"disabled","footer-sml-layout":"","ast-disable-related-posts":"","theme-transparent-header-meta":"","adv-header-id-meta":"","stick-header-meta":"","header-above-stick-meta":"","header-main-stick-meta":"","header-below-stick-meta":"","astra-migrate-meta-layouts":"default","ast-page-background-enabled":"default","ast-page-background-meta":{"desktop":{"background-color":"var(--ast-global-color-4)","background-image":"","background-repeat":"repeat","background-position":"center center","background-size":"auto","background-attachment":"scroll","background-type":"","background-media":"","overlay-type":"","overlay-color":"","overlay-opacity":"","overlay-gradient":""},"tablet":{"background-color":"","background-image":"","background-repeat":"repeat","background-position":"center center","background-size":"auto","background-attachment":"scroll","background-type":"","background-media":"","overlay-type":"","overlay-color":"","overlay-opacity":"","overlay-gradient":""},"mobile":{"background-color":"","background-image":"","background-repeat":"repeat","background-position":"center center","background-size":"auto","background-attachment":"scroll","background-type":"","background-media":"","overlay-type":"","overlay-color":"","overlay-opacity":"","overlay-gradient":""}},"ast-content-background-meta":{"desktop":{"background-color":"var(--ast-global-color-5)","background-image":"","background-repeat":"repeat","background-position":"center center","background-size":"auto","background-attachment":"scroll","background-type":"","background-media":"","overlay-type":"","overlay-color":"","overlay-opacity":"","overlay-gradient":""},"tablet":{"background-color":"var(--ast-global-color-5)","background-image":"","background-repeat":"repeat","background-position":"center center","background-size":"auto","background-attachment":"scroll","background-type":"","background-media":"","overlay-type":"","overlay-color":"","overlay-opacity":"","overlay-gradient":""},"mobile":{"background-color":"var(--ast-global-color-5)","background-image":"","background-repeat":"repeat","background-position":"center center","background-size":"auto","background-attachment":"scroll","background-type":"","background-media":"","overlay-type":"","overlay-color":"","overlay-opacity":"","overlay-gradient":""}},"footnotes":""},"class_list":["post-2799","page","type-page","status-publish","hentry"],"_links":{"self":[{"href":"https:\/\/vilanovajunglefitnessclub.com\/en\/wp-json\/wp\/v2\/pages\/2799","targetHints":{"allow":["GET"]}}],"collection":[{"href":"https:\/\/vilanovajunglefitnessclub.com\/en\/wp-json\/wp\/v2\/pages"}],"about":[{"href":"https:\/\/vilanovajunglefitnessclub.com\/en\/wp-json\/wp\/v2\/types\/page"}],"author":[{"embeddable":true,"href":"https:\/\/vilanovajunglefitnessclub.com\/en\/wp-json\/wp\/v2\/users\/1"}],"replies":[{"embeddable":true,"href":"https:\/\/vilanovajunglefitnessclub.com\/en\/wp-json\/wp\/v2\/comments?post=2799"}],"version-history":[{"count":10,"href":"https:\/\/vilanovajunglefitnessclub.com\/en\/wp-json\/wp\/v2\/pages\/2799\/revisions"}],"predecessor-version":[{"id":3169,"href":"https:\/\/vilanovajunglefitnessclub.com\/en\/wp-json\/wp\/v2\/pages\/2799\/revisions\/3169"}],"wp:attachment":[{"href":"https:\/\/vilanovajunglefitnessclub.com\/en\/wp-json\/wp\/v2\/media?parent=2799"}],"curies":[{"name":"wp","href":"https:\/\/api.w.org\/{rel}","templated":true}]}}